{"id":605,"date":"2022-11-28T12:57:15","date_gmt":"2022-11-28T11:57:15","guid":{"rendered":"https:\/\/meldendev.eu\/bora\/?page_id=605"},"modified":"2023-03-13T16:49:42","modified_gmt":"2023-03-13T15:49:42","slug":"o-nama","status":"publish","type":"page","link":"https:\/\/vinabora.hr\/en\/o-nama\/","title":{"rendered":"ABOUT"},"content":{"rendered":"<div data-elementor-type=\"wp-page\" data-elementor-id=\"605\" class=\"elementor elementor-605\">\n\t\t\t\t\t\t\t\t\t<section class=\"elementor-section elementor-top-section elementor-element elementor-element-4b352c2c elementor-section-full_width elementor-section-stretched elementor-reverse-mobile elementor-section-height-default elementor-section-height-default qodef-elementor-content-no\" data-id=\"4b352c2c\" data-element_type=\"section\" data-settings=\"{&quot;stretch_section&quot;:&quot;section-stretched&quot;}\">\n\t\t\t\t\t\t<div class=\"elementor-container elementor-column-gap-default\">\n\t\t\t\t\t<div class=\"elementor-column elementor-col-50 elementor-top-column elementor-element elementor-element-498c8f1a\" data-id=\"498c8f1a\" data-element_type=\"column\" data-settings=\"{&quot;background_background&quot;:&quot;classic&quot;}\">\n\t\t\t<div class=\"elementor-widget-wrap elementor-element-populated\">\n\t\t\t\t\t\t\t\t<div class=\"elementor-element elementor-element-69a43ba elementor-widget__width-auto elementor-hidden-desktop elementor-hidden-tablet elementor-invisible elementor-widget elementor-widget-heading\" data-id=\"69a43ba\" data-element_type=\"widget\" data-settings=\"{&quot;_animation&quot;:&quot;fadeInUp&quot;,&quot;_animation_mobile&quot;:&quot;fadeInLeft&quot;}\" data-widget_type=\"heading.default\">\n\t\t\t\t<div class=\"elementor-widget-container\">\n\t\t\t<style>\/*! elementor - v3.8.1 - 13-11-2022 *\/\n.elementor-heading-title{padding:0;margin:0;line-height:1}.elementor-widget-heading .elementor-heading-title[class*=elementor-size-]>a{color:inherit;font-size:inherit;line-height:inherit}.elementor-widget-heading .elementor-heading-title.elementor-size-small{font-size:15px}.elementor-widget-heading .elementor-heading-title.elementor-size-medium{font-size:19px}.elementor-widget-heading .elementor-heading-title.elementor-size-large{font-size:29px}.elementor-widget-heading .elementor-heading-title.elementor-size-xl{font-size:39px}.elementor-widget-heading .elementor-heading-title.elementor-size-xxl{font-size:59px}<\/style><h2 class=\"elementor-heading-title elementor-size-default\">ABOUT<\/h2>\t\t<\/div>\n\t\t\t\t<\/div>\n\t\t\t\t<div class=\"elementor-element elementor-element-483f7960 elementor-widget elementor-widget-qi_addons_for_elementor_animated_text\" data-id=\"483f7960\" data-element_type=\"widget\" data-widget_type=\"qi_addons_for_elementor_animated_text.default\">\n\t\t\t\t<div class=\"elementor-widget-container\">\n\t\t\t<div class=\"qodef-shortcode qodef-m  qodef-qi-animated-text  qodef--alignment-left qodef-qi--has-appear qodef--appear-from-left\">\n\t\t<h2 class=\"qodef-m-title\">\n\t\tBora is firmly rooted in the region's tradition, the small Croatian town of Podgradina, embraced by\nthe warm currents of the Novigrad Sea on one side and whipped by the Bura wind from the Velebit\nmountain on the other.\t<\/h2>\n<\/div>\n\t\t<\/div>\n\t\t\t\t<\/div>\n\t\t\t\t\t<\/div>\n\t\t<\/div>\n\t\t\t\t<div class=\"elementor-column elementor-col-50 elementor-top-column elementor-element elementor-element-4838d682\" data-id=\"4838d682\" data-element_type=\"column\">\n\t\t\t<div class=\"elementor-widget-wrap elementor-element-populated\">\n\t\t\t\t\t\t\t\t<div class=\"elementor-element elementor-element-49bec5f5 elementor-widget elementor-widget-image\" data-id=\"49bec5f5\" data-element_type=\"widget\" data-widget_type=\"image.default\">\n\t\t\t\t<div class=\"elementor-widget-container\">\n\t\t\t<style>\/*! elementor - v3.8.1 - 13-11-2022 *\/\n.elementor-widget-image{text-align:center}.elementor-widget-image a{display:inline-block}.elementor-widget-image a img[src$=\".svg\"]{width:48px}.elementor-widget-image img{vertical-align:middle;display:inline-block}<\/style>\t\t\t\t\t\t\t\t\t\t\t\t<img decoding=\"async\" width=\"957\" height=\"873\" src=\"https:\/\/vinabora.hr\/wp-content\/uploads\/2022\/12\/prva-fotografija-umjesto-vinograda-copy.jpg\" class=\"attachment-full size-full\" alt=\"\" loading=\"lazy\" srcset=\"https:\/\/vinabora.hr\/wp-content\/uploads\/2022\/12\/prva-fotografija-umjesto-vinograda-copy.jpg 957w, https:\/\/vinabora.hr\/wp-content\/uploads\/2022\/12\/prva-fotografija-umjesto-vinograda-copy-300x274.jpg 300w, https:\/\/vinabora.hr\/wp-content\/uploads\/2022\/12\/prva-fotografija-umjesto-vinograda-copy-768x701.jpg 768w, https:\/\/vinabora.hr\/wp-content\/uploads\/2022\/12\/prva-fotografija-umjesto-vinograda-copy-13x12.jpg 13w\" sizes=\"(max-width: 957px) 100vw, 957px\" \/>\t\t\t\t\t\t\t\t\t\t\t\t\t\t\t<\/div>\n\t\t\t\t<\/div>\n\t\t\t\t<div class=\"elementor-element elementor-element-b753b3a elementor-widget__width-auto elementor-absolute e-transform e-transform elementor-hidden-mobile elementor-invisible elementor-widget elementor-widget-heading\" data-id=\"b753b3a\" data-element_type=\"widget\" data-settings=\"{&quot;_position&quot;:&quot;absolute&quot;,&quot;_animation&quot;:&quot;fadeInUp&quot;,&quot;_transform_rotateZ_effect&quot;:{&quot;unit&quot;:&quot;px&quot;,&quot;size&quot;:-180,&quot;sizes&quot;:[]},&quot;_transform_translateX_effect&quot;:{&quot;unit&quot;:&quot;%&quot;,&quot;size&quot;:&quot;&quot;,&quot;sizes&quot;:[]},&quot;_transform_translateX_effect_tablet&quot;:{&quot;unit&quot;:&quot;%&quot;,&quot;size&quot;:&quot;&quot;,&quot;sizes&quot;:[]},&quot;_transform_translateX_effect_mobile&quot;:{&quot;unit&quot;:&quot;%&quot;,&quot;size&quot;:&quot;&quot;,&quot;sizes&quot;:[]},&quot;_transform_translateY_effect&quot;:{&quot;unit&quot;:&quot;%&quot;,&quot;size&quot;:50,&quot;sizes&quot;:[]},&quot;_transform_translateY_effect_tablet&quot;:{&quot;unit&quot;:&quot;%&quot;,&quot;size&quot;:&quot;&quot;,&quot;sizes&quot;:[]},&quot;_transform_translateY_effect_mobile&quot;:{&quot;unit&quot;:&quot;%&quot;,&quot;size&quot;:&quot;&quot;,&quot;sizes&quot;:[]},&quot;_transform_rotateZ_effect_tablet&quot;:{&quot;unit&quot;:&quot;px&quot;,&quot;size&quot;:&quot;&quot;,&quot;sizes&quot;:[]},&quot;_transform_rotateZ_effect_mobile&quot;:{&quot;unit&quot;:&quot;px&quot;,&quot;size&quot;:&quot;&quot;,&quot;sizes&quot;:[]}}\" data-widget_type=\"heading.default\">\n\t\t\t\t<div class=\"elementor-widget-container\">\n\t\t\t<h2 class=\"elementor-heading-title elementor-size-default\">ABOUT<\/h2>\t\t<\/div>\n\t\t\t\t<\/div>\n\t\t\t\t\t<\/div>\n\t\t<\/div>\n\t\t\t\t\t\t\t<\/div>\n\t\t<\/section>\n\t\t\t\t<section class=\"elementor-section elementor-top-section elementor-element elementor-element-2b11400 elementor-section-full_width elementor-section-stretched elementor-section-height-default elementor-section-height-default qodef-elementor-content-no\" data-id=\"2b11400\" data-element_type=\"section\" data-settings=\"{&quot;stretch_section&quot;:&quot;section-stretched&quot;}\">\n\t\t\t\t\t\t<div class=\"elementor-container elementor-column-gap-default\">\n\t\t\t\t\t<div class=\"elementor-column elementor-col-50 elementor-top-column elementor-element elementor-element-8874229\" data-id=\"8874229\" data-element_type=\"column\">\n\t\t\t<div class=\"elementor-widget-wrap elementor-element-populated\">\n\t\t\t\t\t\t\t\t<div class=\"elementor-element elementor-element-c7a5314 elementor-widget elementor-widget-image\" data-id=\"c7a5314\" data-element_type=\"widget\" data-widget_type=\"image.default\">\n\t\t\t\t<div class=\"elementor-widget-container\">\n\t\t\t\t\t\t\t\t\t\t\t\t\t\t\t<img decoding=\"async\" width=\"625\" height=\"1000\" src=\"https:\/\/vinabora.hr\/wp-content\/uploads\/2022\/12\/Domagoj-u-vinogradu-Vinarija-Bora.webp\" class=\"attachment-full size-full\" alt=\"\" loading=\"lazy\" srcset=\"https:\/\/vinabora.hr\/wp-content\/uploads\/2022\/12\/Domagoj-u-vinogradu-Vinarija-Bora.webp 625w, https:\/\/vinabora.hr\/wp-content\/uploads\/2022\/12\/Domagoj-u-vinogradu-Vinarija-Bora-188x300.webp 188w, https:\/\/vinabora.hr\/wp-content\/uploads\/2022\/12\/Domagoj-u-vinogradu-Vinarija-Bora-8x12.webp 8w\" sizes=\"(max-width: 625px) 100vw, 625px\" \/>\t\t\t\t\t\t\t\t\t\t\t\t\t\t\t<\/div>\n\t\t\t\t<\/div>\n\t\t\t\t\t<\/div>\n\t\t<\/div>\n\t\t\t\t<div class=\"elementor-column elementor-col-50 elementor-top-column elementor-element elementor-element-d474028\" data-id=\"d474028\" data-element_type=\"column\">\n\t\t\t<div class=\"elementor-widget-wrap elementor-element-populated\">\n\t\t\t\t\t\t\t\t<div class=\"elementor-element elementor-element-f0d4117 elementor-widget elementor-widget-qi_addons_for_elementor_animated_text\" data-id=\"f0d4117\" data-element_type=\"widget\" data-widget_type=\"qi_addons_for_elementor_animated_text.default\">\n\t\t\t\t<div class=\"elementor-widget-container\">\n\t\t\t<div class=\"qodef-shortcode qodef-m  qodef-qi-animated-text  qodef--alignment-left qodef-qi--has-appear qodef--appear-from-left\">\n\t\t<h2 class=\"qodef-m-title\">\n\t\tThe Benkovac-Stankovac vineyards, where our winery is located, are ideal for growing vines. The\norientation and the altitude at which the vineyards are located create perfect soil for the best wine.\t<\/h2>\n<\/div>\n\t\t<\/div>\n\t\t\t\t<\/div>\n\t\t\t\t<div class=\"elementor-element elementor-element-10bc5b4 elementor-widget elementor-widget-qi_addons_for_elementor_animated_text\" data-id=\"10bc5b4\" data-element_type=\"widget\" data-widget_type=\"qi_addons_for_elementor_animated_text.default\">\n\t\t\t\t<div class=\"elementor-widget-container\">\n\t\t\t<div class=\"qodef-shortcode qodef-m  qodef-qi-animated-text  qodef--alignment-left qodef-qi--has-appear qodef--appear-from-left\">\n\t\t<h2 class=\"qodef-m-title\">\n\t\tBora wines are named after the Latin name for a strong, persistent, mossy, and cold local wind - Bura,\nbut they are the best that the harsh climate and hard work can give.\nOur young winery is growing daily as a promise of the \u017du\u017ea family to their ancestors that their\nwinemaking will guide love, perseverance, and dedication to the land. With the help of the most\nmodern viticultural and winemaking knowledge and technology, wines are created for those with the\nmost refined taste.\t<\/h2>\n<\/div>\n\t\t<\/div>\n\t\t\t\t<\/div>\n\t\t\t\t\t<\/div>\n\t\t<\/div>\n\t\t\t\t\t\t\t<\/div>\n\t\t<\/section>\n\t\t\t\t<section class=\"elementor-section elementor-top-section elementor-element elementor-element-ba740a2 elementor-section-full_width elementor-section-stretched elementor-section-height-default elementor-section-height-default qodef-elementor-content-no\" data-id=\"ba740a2\" data-element_type=\"section\" data-settings=\"{&quot;stretch_section&quot;:&quot;section-stretched&quot;,&quot;background_background&quot;:&quot;video&quot;,&quot;background_video_link&quot;:&quot;https:\\\/\\\/youtu.be\\\/gBsDgqOQXpE&quot;,&quot;background_video_end&quot;:10,&quot;background_play_on_mobile&quot;:&quot;yes&quot;}\">\n\t\t\t\t\t\t\t\t<div class=\"elementor-background-video-container\">\n\t\t\t\t\t\t\t\t\t\t\t\t\t<div class=\"elementor-background-video-embed\"><\/div>\n\t\t\t\t\t\t\t\t\t\t\t\t<\/div>\n\t\t\t\t\t\t\t\t<div class=\"elementor-container elementor-column-gap-default\">\n\t\t\t\t\t<div class=\"elementor-column elementor-col-100 elementor-top-column elementor-element elementor-element-388b71c\" data-id=\"388b71c\" data-element_type=\"column\">\n\t\t\t<div class=\"elementor-widget-wrap elementor-element-populated\">\n\t\t\t\t\t\t\t\t<div class=\"elementor-element elementor-element-145a632 elementor-widget elementor-widget-spacer\" data-id=\"145a632\" data-element_type=\"widget\" data-widget_type=\"spacer.default\">\n\t\t\t\t<div class=\"elementor-widget-container\">\n\t\t\t<style>\/*! elementor - v3.8.1 - 13-11-2022 *\/\n.elementor-column .elementor-spacer-inner{height:var(--spacer-size)}.e-con{--container-widget-width:100%}.e-con-inner>.elementor-widget-spacer,.e-con>.elementor-widget-spacer{width:var(--container-widget-width,var(--spacer-size));-ms-flex-item-align:stretch;align-self:stretch;-ms-flex-negative:0;flex-shrink:0}.e-con-inner>.elementor-widget-spacer>.elementor-widget-container,.e-con-inner>.elementor-widget-spacer>.elementor-widget-container>.elementor-spacer,.e-con>.elementor-widget-spacer>.elementor-widget-container,.e-con>.elementor-widget-spacer>.elementor-widget-container>.elementor-spacer{height:100%}.e-con-inner>.elementor-widget-spacer>.elementor-widget-container>.elementor-spacer>.elementor-spacer-inner,.e-con>.elementor-widget-spacer>.elementor-widget-container>.elementor-spacer>.elementor-spacer-inner{height:var(--container-widget-height,var(--spacer-size))}<\/style>\t\t<div class=\"elementor-spacer\">\n\t\t\t<div class=\"elementor-spacer-inner\"><\/div>\n\t\t<\/div>\n\t\t\t\t<\/div>\n\t\t\t\t<\/div>\n\t\t\t\t\t<\/div>\n\t\t<\/div>\n\t\t\t\t\t\t\t<\/div>\n\t\t<\/section>\n\t\t\t\t<section class=\"elementor-section elementor-top-section elementor-element elementor-element-0708933 elementor-section-full_width elementor-section-stretched elementor-reverse-tablet elementor-reverse-mobile elementor-section-height-default elementor-section-height-default qodef-elementor-content-no\" data-id=\"0708933\" data-element_type=\"section\" data-settings=\"{&quot;stretch_section&quot;:&quot;section-stretched&quot;}\">\n\t\t\t\t\t\t<div class=\"elementor-container elementor-column-gap-default\">\n\t\t\t\t\t<div class=\"elementor-column elementor-col-50 elementor-top-column elementor-element elementor-element-8caa651\" data-id=\"8caa651\" data-element_type=\"column\">\n\t\t\t<div class=\"elementor-widget-wrap elementor-element-populated\">\n\t\t\t\t\t\t\t\t<div class=\"elementor-element elementor-element-526c639 elementor-widget elementor-widget-qi_addons_for_elementor_animated_text\" data-id=\"526c639\" data-element_type=\"widget\" data-widget_type=\"qi_addons_for_elementor_animated_text.default\">\n\t\t\t\t<div class=\"elementor-widget-container\">\n\t\t\t<div class=\"qodef-shortcode qodef-m  qodef-qi-animated-text  qodef--alignment-left qodef-qi--has-appear qodef--appear-from-left\">\n\t\t<h2 class=\"qodef-m-title\">\n\t\tBora is a celebration and rhythm of life. We produce wines for people who celebrate every\nmoment, dance, and see every moment as an opportunity for pleasure.\t<\/h2>\n<\/div>\n\t\t<\/div>\n\t\t\t\t<\/div>\n\t\t\t\t<div class=\"elementor-element elementor-element-62674f7 elementor-widget elementor-widget-qi_addons_for_elementor_animated_text\" data-id=\"62674f7\" data-element_type=\"widget\" data-widget_type=\"qi_addons_for_elementor_animated_text.default\">\n\t\t\t\t<div class=\"elementor-widget-container\">\n\t\t\t<div class=\"qodef-shortcode qodef-m  qodef-qi-animated-text  qodef--alignment-left qodef-qi--has-appear qodef--appear-from-left\">\n\t\t<h2 class=\"qodef-m-title\">\n\t\tPlayful yet precisely vinified, our wines highlight the best features of the climate and terroir of the\nBenkovac-Stankovac vineyard. Respecting the tradition, we planted traditional varieties in our\nvineyards: Mara\u0161tina and Po\u0161ip, Svrdlovina and Plavina, but we also ventured into Sauvignon Blanc,\n\nMerlot, Black Grenache, and Syrah varieties. As a family, we believe in creating and exploring new\nflavors, which is how we approach our wines.\t<\/h2>\n<\/div>\n\t\t<\/div>\n\t\t\t\t<\/div>\n\t\t\t\t\t<\/div>\n\t\t<\/div>\n\t\t\t\t<div class=\"elementor-column elementor-col-50 elementor-top-column elementor-element elementor-element-12127bc\" data-id=\"12127bc\" data-element_type=\"column\">\n\t\t\t<div class=\"elementor-widget-wrap elementor-element-populated\">\n\t\t\t\t\t\t\t\t<div class=\"elementor-element elementor-element-271f335 elementor-widget__width-auto elementor-hidden-desktop elementor-hidden-tablet elementor-invisible elementor-widget elementor-widget-heading\" data-id=\"271f335\" data-element_type=\"widget\" data-settings=\"{&quot;_animation&quot;:&quot;fadeInUp&quot;}\" data-widget_type=\"heading.default\">\n\t\t\t\t<div class=\"elementor-widget-container\">\n\t\t\t<h2 class=\"elementor-heading-title elementor-size-default\">Na\u0161a <br>vizija<\/h2>\t\t<\/div>\n\t\t\t\t<\/div>\n\t\t\t\t<div class=\"elementor-element elementor-element-17dd1a0 elementor-widget elementor-widget-image\" data-id=\"17dd1a0\" data-element_type=\"widget\" data-widget_type=\"image.default\">\n\t\t\t\t<div class=\"elementor-widget-container\">\n\t\t\t\t\t\t\t\t\t\t\t\t\t\t\t<img decoding=\"async\" width=\"1638\" height=\"2048\" src=\"https:\/\/vinabora.hr\/wp-content\/uploads\/2022\/12\/za-pored-nasa-vizija-teksta.jpg\" class=\"attachment-full size-full\" alt=\"\" loading=\"lazy\" srcset=\"https:\/\/vinabora.hr\/wp-content\/uploads\/2022\/12\/za-pored-nasa-vizija-teksta.jpg 1638w, https:\/\/vinabora.hr\/wp-content\/uploads\/2022\/12\/za-pored-nasa-vizija-teksta-240x300.jpg 240w, https:\/\/vinabora.hr\/wp-content\/uploads\/2022\/12\/za-pored-nasa-vizija-teksta-819x1024.jpg 819w, https:\/\/vinabora.hr\/wp-content\/uploads\/2022\/12\/za-pored-nasa-vizija-teksta-768x960.jpg 768w, https:\/\/vinabora.hr\/wp-content\/uploads\/2022\/12\/za-pored-nasa-vizija-teksta-1229x1536.jpg 1229w, https:\/\/vinabora.hr\/wp-content\/uploads\/2022\/12\/za-pored-nasa-vizija-teksta-10x12.jpg 10w\" sizes=\"(max-width: 1638px) 100vw, 1638px\" \/>\t\t\t\t\t\t\t\t\t\t\t\t\t\t\t<\/div>\n\t\t\t\t<\/div>\n\t\t\t\t<div class=\"elementor-element elementor-element-ef21943 elementor-widget__width-auto elementor-absolute e-transform e-transform elementor-hidden-mobile elementor-invisible elementor-widget elementor-widget-heading\" data-id=\"ef21943\" data-element_type=\"widget\" data-settings=\"{&quot;_position&quot;:&quot;absolute&quot;,&quot;_animation&quot;:&quot;fadeInUp&quot;,&quot;_transform_rotateZ_effect&quot;:{&quot;unit&quot;:&quot;px&quot;,&quot;size&quot;:-180,&quot;sizes&quot;:[]},&quot;_transform_translateX_effect&quot;:{&quot;unit&quot;:&quot;%&quot;,&quot;size&quot;:&quot;&quot;,&quot;sizes&quot;:[]},&quot;_transform_translateX_effect_tablet&quot;:{&quot;unit&quot;:&quot;%&quot;,&quot;size&quot;:&quot;&quot;,&quot;sizes&quot;:[]},&quot;_transform_translateX_effect_mobile&quot;:{&quot;unit&quot;:&quot;%&quot;,&quot;size&quot;:&quot;&quot;,&quot;sizes&quot;:[]},&quot;_transform_translateY_effect&quot;:{&quot;unit&quot;:&quot;%&quot;,&quot;size&quot;:50,&quot;sizes&quot;:[]},&quot;_transform_translateY_effect_tablet&quot;:{&quot;unit&quot;:&quot;%&quot;,&quot;size&quot;:&quot;&quot;,&quot;sizes&quot;:[]},&quot;_transform_translateY_effect_mobile&quot;:{&quot;unit&quot;:&quot;%&quot;,&quot;size&quot;:&quot;&quot;,&quot;sizes&quot;:[]},&quot;_transform_rotateZ_effect_tablet&quot;:{&quot;unit&quot;:&quot;px&quot;,&quot;size&quot;:&quot;&quot;,&quot;sizes&quot;:[]},&quot;_transform_rotateZ_effect_mobile&quot;:{&quot;unit&quot;:&quot;px&quot;,&quot;size&quot;:&quot;&quot;,&quot;sizes&quot;:[]}}\" data-widget_type=\"heading.default\">\n\t\t\t\t<div class=\"elementor-widget-container\">\n\t\t\t<h2 class=\"elementor-heading-title elementor-size-default\">Our vision<\/h2>\t\t<\/div>\n\t\t\t\t<\/div>\n\t\t\t\t\t<\/div>\n\t\t<\/div>\n\t\t\t\t\t\t\t<\/div>\n\t\t<\/section>\n\t\t\t\t<section class=\"elementor-section elementor-top-section elementor-element elementor-element-069e400 elementor-section-full_width elementor-section-stretched elementor-section-height-default elementor-section-height-default qodef-elementor-content-no\" data-id=\"069e400\" data-element_type=\"section\" data-settings=\"{&quot;stretch_section&quot;:&quot;section-stretched&quot;}\">\n\t\t\t\t\t\t<div class=\"elementor-container elementor-column-gap-default\">\n\t\t\t\t\t<div class=\"elementor-column elementor-col-100 elementor-top-column elementor-element elementor-element-9307f3f\" data-id=\"9307f3f\" data-element_type=\"column\">\n\t\t\t<div class=\"elementor-widget-wrap elementor-element-populated\">\n\t\t\t\t\t\t\t\t<div class=\"elementor-element elementor-element-d15bfe8 elementor-widget elementor-widget-qi_addons_for_elementor_image_slider\" data-id=\"d15bfe8\" data-element_type=\"widget\" data-widget_type=\"qi_addons_for_elementor_image_slider.default\">\n\t\t\t\t<div class=\"elementor-widget-container\">\n\t\t\t<div class=\"qodef-shortcode qodef-m  qodef-qi-image-slider qodef-qi-fslightbox-popup qodef-popup-gallery qodef-image--hover-zoom   qodef-col-num--3 qodef-qi-grid qodef-qi-swiper-container\" data-options=\"{&quot;direction&quot;:&quot;horizontal&quot;,&quot;slidesPerView&quot;:&quot;3&quot;,&quot;spaceBetween&quot;:0,&quot;spaceBetweenTablet&quot;:0,&quot;spaceBetweenMobile&quot;:0,&quot;effect&quot;:&quot;&quot;,&quot;loop&quot;:true,&quot;autoplay&quot;:true,&quot;centeredSlides&quot;:false,&quot;speed&quot;:&quot;&quot;,&quot;speedAnimation&quot;:&quot;&quot;,&quot;outsideNavigation&quot;:&quot;no&quot;,&quot;outsidePagination&quot;:&quot;no&quot;,&quot;unique&quot;:200,&quot;partialValue&quot;:0,&quot;disablePartialValue&quot;:&quot;&quot;}\">\n\t<div class=\"swiper-wrapper\">\n\t\t\n<div class=\"qodef-e swiper-slide\">\n\t<div class=\"qodef-e-inner\">\n\t\t<div class=\"qodef-e-inner-holder\">\n\t\t\t\t\t\t\t<a class=\"qodef-popup-item\" itemprop=\"image\" href=\"https:\/\/vinabora.hr\/wp-content\/uploads\/2022\/12\/o-nama-dno-pagea-1.webp\" data-type=\"image\" data-fslightbox=\"gallery-200\">\n\t\t\t\t\t\t\t<img width=\"667\" height=\"1000\" src=\"https:\/\/vinabora.hr\/wp-content\/uploads\/2022\/12\/o-nama-dno-pagea-1.webp\" class=\"attachment-full size-full\" alt=\"\" decoding=\"async\" loading=\"lazy\" srcset=\"https:\/\/vinabora.hr\/wp-content\/uploads\/2022\/12\/o-nama-dno-pagea-1.webp 667w, https:\/\/vinabora.hr\/wp-content\/uploads\/2022\/12\/o-nama-dno-pagea-1-200x300.webp 200w, https:\/\/vinabora.hr\/wp-content\/uploads\/2022\/12\/o-nama-dno-pagea-1-8x12.webp 8w\" sizes=\"(max-width: 667px) 100vw, 667px\" \/>\t\t\t\t\t\t\t<\/a>\n\t\t\t\t\t<\/div>\n\t<\/div>\n\t<\/div>\n\n<div class=\"qodef-e swiper-slide\">\n\t<div class=\"qodef-e-inner\">\n\t\t<div class=\"qodef-e-inner-holder\">\n\t\t\t\t\t\t\t<a class=\"qodef-popup-item\" itemprop=\"image\" href=\"https:\/\/vinabora.hr\/wp-content\/uploads\/2022\/12\/o-nama-dno-pagea-2.webp\" data-type=\"image\" data-fslightbox=\"gallery-200\">\n\t\t\t\t\t\t\t<img width=\"667\" height=\"1000\" src=\"https:\/\/vinabora.hr\/wp-content\/uploads\/2022\/12\/o-nama-dno-pagea-2.webp\" class=\"attachment-full size-full\" alt=\"\" decoding=\"async\" loading=\"lazy\" srcset=\"https:\/\/vinabora.hr\/wp-content\/uploads\/2022\/12\/o-nama-dno-pagea-2.webp 667w, https:\/\/vinabora.hr\/wp-content\/uploads\/2022\/12\/o-nama-dno-pagea-2-200x300.webp 200w, https:\/\/vinabora.hr\/wp-content\/uploads\/2022\/12\/o-nama-dno-pagea-2-8x12.webp 8w\" sizes=\"(max-width: 667px) 100vw, 667px\" \/>\t\t\t\t\t\t\t<\/a>\n\t\t\t\t\t<\/div>\n\t<\/div>\n\t<\/div>\n\n<div class=\"qodef-e swiper-slide\">\n\t<div class=\"qodef-e-inner\">\n\t\t<div class=\"qodef-e-inner-holder\">\n\t\t\t\t\t\t\t<a class=\"qodef-popup-item\" itemprop=\"image\" href=\"https:\/\/vinabora.hr\/wp-content\/uploads\/2022\/12\/o-nama-dno-pagea-3.webp\" data-type=\"image\" data-fslightbox=\"gallery-200\">\n\t\t\t\t\t\t\t<img width=\"667\" height=\"1000\" src=\"https:\/\/vinabora.hr\/wp-content\/uploads\/2022\/12\/o-nama-dno-pagea-3.webp\" class=\"attachment-full size-full\" alt=\"\" decoding=\"async\" loading=\"lazy\" srcset=\"https:\/\/vinabora.hr\/wp-content\/uploads\/2022\/12\/o-nama-dno-pagea-3.webp 667w, https:\/\/vinabora.hr\/wp-content\/uploads\/2022\/12\/o-nama-dno-pagea-3-200x300.webp 200w, https:\/\/vinabora.hr\/wp-content\/uploads\/2022\/12\/o-nama-dno-pagea-3-8x12.webp 8w\" sizes=\"(max-width: 667px) 100vw, 667px\" \/>\t\t\t\t\t\t\t<\/a>\n\t\t\t\t\t<\/div>\n\t<\/div>\n\t<\/div>\n\n<div class=\"qodef-e swiper-slide\">\n\t<div class=\"qodef-e-inner\">\n\t\t<div class=\"qodef-e-inner-holder\">\n\t\t\t\t\t\t\t<a class=\"qodef-popup-item\" itemprop=\"image\" href=\"https:\/\/vinabora.hr\/wp-content\/uploads\/2022\/12\/o-nama-dno-pagea-4.webp\" data-type=\"image\" data-fslightbox=\"gallery-200\">\n\t\t\t\t\t\t\t<img width=\"667\" height=\"1000\" src=\"https:\/\/vinabora.hr\/wp-content\/uploads\/2022\/12\/o-nama-dno-pagea-4.webp\" class=\"attachment-full size-full\" alt=\"\" decoding=\"async\" loading=\"lazy\" srcset=\"https:\/\/vinabora.hr\/wp-content\/uploads\/2022\/12\/o-nama-dno-pagea-4.webp 667w, https:\/\/vinabora.hr\/wp-content\/uploads\/2022\/12\/o-nama-dno-pagea-4-200x300.webp 200w, https:\/\/vinabora.hr\/wp-content\/uploads\/2022\/12\/o-nama-dno-pagea-4-8x12.webp 8w\" sizes=\"(max-width: 667px) 100vw, 667px\" \/>\t\t\t\t\t\t\t<\/a>\n\t\t\t\t\t<\/div>\n\t<\/div>\n\t<\/div>\n\t<\/div>\n\t<\/div>\n\t\t<\/div>\n\t\t\t\t<\/div>\n\t\t\t\t\t<\/div>\n\t\t<\/div>\n\t\t\t\t\t\t\t<\/div>\n\t\t<\/section>\n\t\t\t\t\t\t\t<\/div>","protected":false},"excerpt":{"rendered":"<p>O nama Bora je \u010dvrsto ukopana u tradiciju, malog hrvatskog mjesta Podgradina kojeg s jedne strane griju tople struje Novigradskog mora, a s druge \u0161iba Velebitska bura. O nama Benkova\u010dko-stankova\u010dko vinogorje, gdje je smje\u0161tena vinarija, idealan je polo\u017eaj za uzgoj vinove loze, jer njegova orijentacija i nadmorska visina na kojima se nalaze vinogradi stvaraju idealno [&hellip;]<\/p>","protected":false},"author":1,"featured_media":0,"parent":0,"menu_order":0,"comment_status":"closed","ping_status":"closed","template":"","meta":[],"_links":{"self":[{"href":"https:\/\/vinabora.hr\/en\/wp-json\/wp\/v2\/pages\/605"}],"collection":[{"href":"https:\/\/vinabora.hr\/en\/wp-json\/wp\/v2\/pages"}],"about":[{"href":"https:\/\/vinabora.hr\/en\/wp-json\/wp\/v2\/types\/page"}],"author":[{"embeddable":true,"href":"https:\/\/vinabora.hr\/en\/wp-json\/wp\/v2\/users\/1"}],"replies":[{"embeddable":true,"href":"https:\/\/vinabora.hr\/en\/wp-json\/wp\/v2\/comments?post=605"}],"version-history":[{"count":0,"href":"https:\/\/vinabora.hr\/en\/wp-json\/wp\/v2\/pages\/605\/revisions"}],"wp:attachment":[{"href":"https:\/\/vinabora.hr\/en\/wp-json\/wp\/v2\/media?parent=605"}],"curies":[{"name":"wp","href":"https:\/\/api.w.org\/{rel}","templated":true}]}}