{"id":2157,"date":"2023-02-13T16:13:50","date_gmt":"2023-02-13T15:13:50","guid":{"rendered":"https:\/\/meldendev.eu\/bora\/?page_id=2157"},"modified":"2023-02-13T16:18:54","modified_gmt":"2023-02-13T15:18:54","slug":"opis-projekta","status":"publish","type":"page","link":"https:\/\/vinabora.hr\/en\/opis-projekta\/","title":{"rendered":"Opis projekta"},"content":{"rendered":"<div data-elementor-type=\"wp-page\" data-elementor-id=\"2157\" class=\"elementor elementor-2157\">\n\t\t\t\t\t\t\t\t\t<section class=\"elementor-section elementor-top-section elementor-element elementor-element-2b11400 elementor-section-full_width elementor-section-stretched elementor-section-height-default elementor-section-height-default qodef-elementor-content-no\" data-id=\"2b11400\" data-element_type=\"section\" data-settings=\"{&quot;stretch_section&quot;:&quot;section-stretched&quot;}\">\n\t\t\t\t\t\t<div class=\"elementor-container elementor-column-gap-default\">\n\t\t\t\t\t<div class=\"elementor-column elementor-col-100 elementor-top-column elementor-element elementor-element-d474028\" data-id=\"d474028\" data-element_type=\"column\">\n\t\t\t<div class=\"elementor-widget-wrap elementor-element-populated\">\n\t\t\t\t\t\t\t\t<div class=\"elementor-element elementor-element-f0d4117 elementor-widget elementor-widget-qi_addons_for_elementor_animated_text\" data-id=\"f0d4117\" data-element_type=\"widget\" data-widget_type=\"qi_addons_for_elementor_animated_text.default\">\n\t\t\t\t<div class=\"elementor-widget-container\">\n\t\t\t<div class=\"qodef-shortcode qodef-m  qodef-qi-animated-text  qodef--alignment-left qodef-qi--has-appear qodef--appear-from-left\">\n\t\t<h2 class=\"qodef-m-title\">\n\t\tOpis projekta\t<\/h2>\n<\/div>\n\t\t<\/div>\n\t\t\t\t<\/div>\n\t\t\t\t<div class=\"elementor-element elementor-element-522b9f5 elementor-widget elementor-widget-text-editor\" data-id=\"522b9f5\" data-element_type=\"widget\" data-widget_type=\"text-editor.default\">\n\t\t\t\t<div class=\"elementor-widget-container\">\n\t\t\t<style>\/*! elementor - v3.8.1 - 13-11-2022 *\/\n.elementor-widget-text-editor.elementor-drop-cap-view-stacked .elementor-drop-cap{background-color:#818a91;color:#fff}.elementor-widget-text-editor.elementor-drop-cap-view-framed .elementor-drop-cap{color:#818a91;border:3px solid;background-color:transparent}.elementor-widget-text-editor:not(.elementor-drop-cap-view-default) .elementor-drop-cap{margin-top:8px}.elementor-widget-text-editor:not(.elementor-drop-cap-view-default) .elementor-drop-cap-letter{width:1em;height:1em}.elementor-widget-text-editor .elementor-drop-cap{float:left;text-align:center;line-height:1;font-size:50px}.elementor-widget-text-editor .elementor-drop-cap-letter{display:inline-block}<\/style>\t\t\t\t<p><strong>KRATAK OPIS PROJEKTA<\/strong><\/p><p>Mjera: 6 Razvoj poljoprivrednih gospodarstava i poslovanja<br \/>Podmjera: 6.2. \u201ePotpora ulaganju u pokretanje nepoljoprivrednih djelatnosti u ruralnim podru\u010djima\u201c<br \/>Tip operacije: 6.2.1. \u201ePotpora ulaganju u pokretanje nepoljoprivrednih djelatnosti u ruralnim podru\u010djima\u201c<br \/>Fond: Europskog poljoprivrednog fonda za ruralni razvoj: Europa ula\u017ee u ruralna podru\u010dja<\/p><p>Svrha provedbe projekta jest pokretanje nove uslu\u017ene djelatnosti poduze\u0107a Diadora Eko d.o.o. uz stvaranje dva nova radna mjesta s ciljem smanjenja depopulacije i poticanja razvoja ruralnih podru\u010dja.<br \/>Provedbom projekta pokrenuti \u0107e se nove djelatnosti:<br \/>01.6. Pomo\u0107ne djelatnosti u poljoprivredi i djelatnosti koje se obavljaju nakon \u017eetve usjeva<br \/>81.3. Uslu\u017ene djelatnosti ure\u0111enja i odr\u017eavanja krajolika.<br \/>U okviru projekta nabavljena je mehanizacija za obavljanje nove, nepoljoprivredne djelatnosti. Nabavom poljoprivredne mehanizacije poduze\u0107e na tr\u017ei\u0161tu nudi dodatne usluge:<br \/>&#8211; Odr\u017eavanje vinograda,<br \/>&#8211; Ure\u0111enje zemlji\u0161ta prije sjetve i nakon \u017eetve,<br \/>&#8211; Odr\u017eavanje maslinika,<br \/>&#8211; Odr\u017eavanje nezasa\u0111enih povr\u0161ina.<\/p><p><strong>CILJ<\/strong><br \/>Svrha projekta jest pokretanje nepoljoprivredne djelatnosti na poljoprivrednom gospodarstvu Diadora Eko d.o.o. uz stvaranje dva nova radna mjesta s ciljem smanjenja depopulacije i poticanja odr\u017eivog razvoja ruralnih podru\u010dja Op\u0107ine Posedarje.<\/p><p><strong>REZULTATI<\/strong><br \/>&#8211; Pokretanje nove nepoljoprivredne djelatnosti na poljoprivrednom gospodarstvu,<br \/>&#8211; Nabava nove mehanizacije u svrhu obavljanja nove djelatnosti,<br \/>&#8211; Pru\u017eanje novih usluga na tr\u017ei\u0161tu,<br \/>&#8211; Zapo\u0161ljavanje dva nova djelatnika,<br \/>&#8211; Pove\u0107anje prihoda poduze\u0107a.<\/p><p><strong>FINANCIJSKA POTPORA UNIJE<\/strong><br \/>Za provedbu aktivnosti projekta ostvareni iznos potpore: 371.975,00 kn<br \/>Sufinancirano iz Europskog poljoprivrednog fonda za ruralni razvoj: Europa ula\u017ee u ruralna podru\u010dja<\/p>\t\t\t\t\t\t<\/div>\n\t\t\t\t<\/div>\n\t\t\t\t\t<\/div>\n\t\t<\/div>\n\t\t\t\t\t\t\t<\/div>\n\t\t<\/section>\n\t\t\t\t\t\t\t<\/div>","protected":false},"excerpt":{"rendered":"<p>Opis projekta KRATAK OPIS PROJEKTA Mjera: 6 Razvoj poljoprivrednih gospodarstava i poslovanjaPodmjera: 6.2. \u201ePotpora ulaganju u pokretanje nepoljoprivrednih djelatnosti u ruralnim podru\u010djima\u201cTip operacije: 6.2.1. \u201ePotpora ulaganju u pokretanje nepoljoprivrednih djelatnosti u ruralnim podru\u010djima\u201cFond: Europskog poljoprivrednog fonda za ruralni razvoj: Europa ula\u017ee u ruralna podru\u010dja Svrha provedbe projekta jest pokretanje nove uslu\u017ene djelatnosti poduze\u0107a Diadora Eko [&hellip;]<\/p>","protected":false},"author":1,"featured_media":0,"parent":0,"menu_order":0,"comment_status":"closed","ping_status":"closed","template":"","meta":[],"_links":{"self":[{"href":"https:\/\/vinabora.hr\/en\/wp-json\/wp\/v2\/pages\/2157"}],"collection":[{"href":"https:\/\/vinabora.hr\/en\/wp-json\/wp\/v2\/pages"}],"about":[{"href":"https:\/\/vinabora.hr\/en\/wp-json\/wp\/v2\/types\/page"}],"author":[{"embeddable":true,"href":"https:\/\/vinabora.hr\/en\/wp-json\/wp\/v2\/users\/1"}],"replies":[{"embeddable":true,"href":"https:\/\/vinabora.hr\/en\/wp-json\/wp\/v2\/comments?post=2157"}],"version-history":[{"count":0,"href":"https:\/\/vinabora.hr\/en\/wp-json\/wp\/v2\/pages\/2157\/revisions"}],"wp:attachment":[{"href":"https:\/\/vinabora.hr\/en\/wp-json\/wp\/v2\/media?parent=2157"}],"curies":[{"name":"wp","href":"https:\/\/api.w.org\/{rel}","templated":true}]}}